{"id":1862,"date":"2021-11-23T08:17:23","date_gmt":"2021-11-23T08:17:23","guid":{"rendered":"https:\/\/gerdes-rohrbau.bullshitmedia.de\/?page_id=1862"},"modified":"2021-11-30T11:11:46","modified_gmt":"2021-11-30T11:11:46","slug":"gerdes-rohrbau-gmbh","status":"publish","type":"page","link":"https:\/\/gerdes-rohrbau.de\/en\/gerdes-rohrbau-gmbh\/","title":{"rendered":"Gerdes Rohrbau GmbH"},"content":{"rendered":"<div data-elementor-type=\"wp-page\" data-elementor-id=\"1862\" class=\"elementor elementor-1862\" data-elementor-post-type=\"page\">\n\t\t\t\t\t\t<section class=\"ob-is-breaking-bad elementor-section elementor-top-section elementor-element elementor-element-511c25f elementor-section-height-min-height elementor-section-boxed elementor-section-height-default elementor-section-items-middle\" data-id=\"511c25f\" data-element_type=\"section\" data-e-type=\"section\" data-settings=\"{&quot;background_background&quot;:&quot;classic&quot;,&quot;_ob_bbad_use_it&quot;:&quot;yes&quot;,&quot;_ob_bbad_sssic_use&quot;:&quot;no&quot;,&quot;_ob_glider_is_slider&quot;:&quot;no&quot;}\">\n\t\t\t\t\t\t<div class=\"elementor-container elementor-column-gap-default\">\n\t\t\t\t\t<div class=\"elementor-column elementor-col-100 elementor-top-column elementor-element elementor-element-3f19756\" data-id=\"3f19756\" data-element_type=\"column\" data-e-type=\"column\" data-settings=\"{&quot;_ob_bbad_is_stalker&quot;:&quot;no&quot;,&quot;_ob_teleporter_use&quot;:false,&quot;_ob_column_hoveranimator&quot;:&quot;no&quot;,&quot;_ob_column_has_pseudo&quot;:&quot;no&quot;}\">\n\t\t\t<div class=\"elementor-widget-wrap elementor-element-populated\">\n\t\t\t\t\t\t<div class=\"elementor-element elementor-element-009daf0 ob-has-background-overlay elementor-widget elementor-widget-image\" data-id=\"009daf0\" data-element_type=\"widget\" data-e-type=\"widget\" data-settings=\"{&quot;_ob_photomorph_use&quot;:&quot;no&quot;,&quot;_ob_perspektive_use&quot;:&quot;no&quot;,&quot;_ob_poopart_use&quot;:&quot;yes&quot;,&quot;_ob_shadough_use&quot;:&quot;no&quot;,&quot;_ob_allow_hoveranimator&quot;:&quot;no&quot;,&quot;_ob_widget_stalker_use&quot;:&quot;no&quot;}\" data-widget_type=\"image.default\">\n\t\t\t\t<div class=\"elementor-widget-container\">\n\t\t\t\t\t\t\t\t\t\t\t\t\t\t\t<img decoding=\"async\" width=\"1\" height=\"1\" src=\"https:\/\/gerdes-rohrbau.de\/wp-content\/uploads\/2021\/07\/Gerdes-Rohrbausvg-weiss.png\" class=\"attachment-large size-large wp-image-1265\" alt=\"\" \/>\t\t\t\t\t\t\t\t\t\t\t\t\t\t\t<\/div>\n\t\t\t\t<\/div>\n\t\t\t\t<div class=\"elementor-element elementor-element-911e8b6 ob-harakiri-inherit ob-has-background-overlay elementor-widget elementor-widget-text-editor\" data-id=\"911e8b6\" data-element_type=\"widget\" data-e-type=\"widget\" data-settings=\"{&quot;_ob_use_harakiri&quot;:&quot;yes&quot;,&quot;_ob_harakiri_writing_mode&quot;:&quot;inherit&quot;,&quot;_ob_postman_use&quot;:&quot;no&quot;,&quot;_ob_perspektive_use&quot;:&quot;no&quot;,&quot;_ob_poopart_use&quot;:&quot;yes&quot;,&quot;_ob_shadough_use&quot;:&quot;no&quot;,&quot;_ob_allow_hoveranimator&quot;:&quot;no&quot;,&quot;_ob_widget_stalker_use&quot;:&quot;no&quot;}\" data-widget_type=\"text-editor.default\">\n\t\t\t\t<div class=\"elementor-widget-container\">\n\t\t\t\t\t\t\t\t\t<p>Herzlich willkommen bei Gerdes Rohrbau!<\/p><p>We are a qualified manufacturing and prefabrication company in pipe and plant construction.<br \/>Der Schwerpunkt unserer Arbeit liegt dabei in der Herstellung von Rohrschwei\u00dfteilen, die je nach Anforderungen aus unterschiedlichen Materialien und mit verschiedenen Verfahren gearbeitet werden.<br \/>The spectrum includes prefabrication for systems, individual parts, semi-finished products as well as mounting and support structures for construction systems.<\/p><p>Unseren Erfolg verdanken wir unter anderem der langj\u00e4hrigen Erfahrung sowohl der Betriebsf\u00fchrung, als auch unserer Facharbeiter, die f\u00fcr eine gleichbleibend hohe Qualit\u00e4t unserer Produkte und Leistungen von der Auftragsannahme \u00fcber die Bearbeitung bis hin zur Lieferung sorgen.<\/p><p>Zus\u00e4tzlich zur Fertigung bieten wir Ihnen entsprechend Ihrer Bed\u00fcrfnisse umfangreiche Zusatzleistungen an.<\/p><p>Gerne erstellen wir Ihnen ein individuelles Angebot<br \/>oder beantworten Ihre Fragen zu unserer Produktpalette.<\/p><p><a href=\"mailto:info@gerdes-rohrbau.de\">Kontakt (info@gerdes-rohrbau.de)<\/a><\/p><p>Gerdes Rohrbau GmbH<br \/>Daimlerstrasse 11a<br \/>49716 Meppen<\/p><p>https:\/\/www.gerdes-rohrbau.de<\/p><p>fon : +49 (0) 5931 8858 274<br \/>fax : +49 (0) 5931 8858 275<\/p><p>Gesch\u00e4ftsf\u00fchrer: Sebastian Gerdes <br \/>Handelsregister AG Osnabr\u00fcck HRB 20743 Sitz der Gesellschaft Meppen<\/p>\t\t\t\t\t\t\t\t<\/div>\n\t\t\t\t<\/div>\n\t\t\t\t\t<\/div>\n\t\t<\/div>\n\t\t\t\t\t<\/div>\n\t\t<\/section>\n\t\t\t\t<\/div>","protected":false},"excerpt":{"rendered":"<p>Herzlich willkommen bei Gerdes Rohrbau! Wir sind ein qualifizierter Fertigungs- bzw. Vorfertigungsbetrieb im Rohr- und Anlagenbau.Der Schwerpunkt unserer Arbeit liegt dabei in der Herstellung von Rohrschwei\u00dfteilen, die je nach Anforderungen aus unterschiedlichen Materialien und mit verschiedenen Verfahren gearbeitet werden.Das Spektrum umfasst Vorfertigung f\u00fcr Anlagen, Einzelteile, Halbzeuge sowie Halterungs- und Unterst\u00fctzungskonstruktionen f\u00fcr den Anlagenbau. Unseren Erfolg [&hellip;]<\/p>\n","protected":false},"author":1,"featured_media":0,"parent":0,"menu_order":0,"comment_status":"closed","ping_status":"closed","template":"elementor_canvas","meta":{"footnotes":""},"class_list":["post-1862","page","type-page","status-publish","hentry"],"yoast_head":"<!-- This site is optimized with the Yoast SEO plugin v27.5 - https:\/\/yoast.com\/product\/yoast-seo-wordpress\/ -->\n<title>Gerdes Rohrbau GmbH - Gerdes Rohrbau<\/title>\n<meta name=\"robots\" content=\"index, follow, max-snippet:-1, max-image-preview:large, max-video-preview:-1\" \/>\n<link rel=\"canonical\" href=\"https:\/\/gerdes-rohrbau.de\/en\/gerdes-rohrbau-gmbh\/\" \/>\n<meta property=\"og:locale\" content=\"en_GB\" \/>\n<meta property=\"og:type\" content=\"article\" \/>\n<meta property=\"og:title\" content=\"Gerdes Rohrbau GmbH - Gerdes Rohrbau\" \/>\n<meta property=\"og:description\" content=\"Herzlich willkommen bei Gerdes Rohrbau! Wir sind ein qualifizierter Fertigungs- bzw. Vorfertigungsbetrieb im Rohr- und Anlagenbau.Der Schwerpunkt unserer Arbeit liegt dabei in der Herstellung von Rohrschwei\u00dfteilen, die je nach Anforderungen aus unterschiedlichen Materialien und mit verschiedenen Verfahren gearbeitet werden.Das Spektrum umfasst Vorfertigung f\u00fcr Anlagen, Einzelteile, Halbzeuge sowie Halterungs- und Unterst\u00fctzungskonstruktionen f\u00fcr den Anlagenbau. Unseren Erfolg [&hellip;]\" \/>\n<meta property=\"og:url\" content=\"https:\/\/gerdes-rohrbau.de\/en\/gerdes-rohrbau-gmbh\/\" \/>\n<meta property=\"og:site_name\" content=\"Gerdes Rohrbau\" \/>\n<meta property=\"article:modified_time\" content=\"2021-11-30T11:11:46+00:00\" \/>\n<meta property=\"og:image\" content=\"https:\/\/gerdes-rohrbau.de\/wp-content\/uploads\/2021\/07\/Gerdes-Rohrbausvg-weiss.png\" \/>\n<meta name=\"twitter:card\" content=\"summary_large_image\" \/>\n<meta name=\"twitter:label1\" content=\"Estimated reading time\" \/>\n\t<meta name=\"twitter:data1\" content=\"1 minute\" \/>\n<script type=\"application\/ld+json\" class=\"yoast-schema-graph\">{\"@context\":\"https:\\\/\\\/schema.org\",\"@graph\":[{\"@type\":\"WebPage\",\"@id\":\"https:\\\/\\\/gerdes-rohrbau.de\\\/gerdes-rohrbau-gmbh\\\/\",\"url\":\"https:\\\/\\\/gerdes-rohrbau.de\\\/gerdes-rohrbau-gmbh\\\/\",\"name\":\"Gerdes Rohrbau GmbH - Gerdes Rohrbau\",\"isPartOf\":{\"@id\":\"https:\\\/\\\/gerdes-rohrbau.de\\\/#website\"},\"primaryImageOfPage\":{\"@id\":\"https:\\\/\\\/gerdes-rohrbau.de\\\/gerdes-rohrbau-gmbh\\\/#primaryimage\"},\"image\":{\"@id\":\"https:\\\/\\\/gerdes-rohrbau.de\\\/gerdes-rohrbau-gmbh\\\/#primaryimage\"},\"thumbnailUrl\":\"https:\\\/\\\/gerdes-rohrbau.de\\\/wp-content\\\/uploads\\\/2021\\\/07\\\/Gerdes-Rohrbausvg-weiss.png\",\"datePublished\":\"2021-11-23T08:17:23+00:00\",\"dateModified\":\"2021-11-30T11:11:46+00:00\",\"breadcrumb\":{\"@id\":\"https:\\\/\\\/gerdes-rohrbau.de\\\/gerdes-rohrbau-gmbh\\\/#breadcrumb\"},\"inLanguage\":\"en-GB\",\"potentialAction\":[{\"@type\":\"ReadAction\",\"target\":[\"https:\\\/\\\/gerdes-rohrbau.de\\\/gerdes-rohrbau-gmbh\\\/\"]}]},{\"@type\":\"ImageObject\",\"inLanguage\":\"en-GB\",\"@id\":\"https:\\\/\\\/gerdes-rohrbau.de\\\/gerdes-rohrbau-gmbh\\\/#primaryimage\",\"url\":\"https:\\\/\\\/gerdes-rohrbau.de\\\/wp-content\\\/uploads\\\/2021\\\/07\\\/Gerdes-Rohrbausvg-weiss.png\",\"contentUrl\":\"https:\\\/\\\/gerdes-rohrbau.de\\\/wp-content\\\/uploads\\\/2021\\\/07\\\/Gerdes-Rohrbausvg-weiss.png\"},{\"@type\":\"BreadcrumbList\",\"@id\":\"https:\\\/\\\/gerdes-rohrbau.de\\\/gerdes-rohrbau-gmbh\\\/#breadcrumb\",\"itemListElement\":[{\"@type\":\"ListItem\",\"position\":1,\"name\":\"Startseite\",\"item\":\"https:\\\/\\\/gerdes-rohrbau.de\\\/\"},{\"@type\":\"ListItem\",\"position\":2,\"name\":\"Gerdes Rohrbau GmbH\"}]},{\"@type\":\"WebSite\",\"@id\":\"https:\\\/\\\/gerdes-rohrbau.de\\\/#website\",\"url\":\"https:\\\/\\\/gerdes-rohrbau.de\\\/\",\"name\":\"Gerdes Rohrbau\",\"description\":\"Gerdes Rohrbau - Aus Meppen in die ganze Welt.\",\"publisher\":{\"@id\":\"https:\\\/\\\/gerdes-rohrbau.de\\\/#organization\"},\"potentialAction\":[{\"@type\":\"SearchAction\",\"target\":{\"@type\":\"EntryPoint\",\"urlTemplate\":\"https:\\\/\\\/gerdes-rohrbau.de\\\/?s={search_term_string}\"},\"query-input\":{\"@type\":\"PropertyValueSpecification\",\"valueRequired\":true,\"valueName\":\"search_term_string\"}}],\"inLanguage\":\"en-GB\"},{\"@type\":\"Organization\",\"@id\":\"https:\\\/\\\/gerdes-rohrbau.de\\\/#organization\",\"name\":\"Gerdes Rohrbau\",\"url\":\"https:\\\/\\\/gerdes-rohrbau.de\\\/\",\"logo\":{\"@type\":\"ImageObject\",\"inLanguage\":\"en-GB\",\"@id\":\"https:\\\/\\\/gerdes-rohrbau.de\\\/#\\\/schema\\\/logo\\\/image\\\/\",\"url\":\"https:\\\/\\\/gerdes-rohrbau.de\\\/wp-content\\\/uploads\\\/2021\\\/01\\\/GRM_Logo-Nachgezeichnet.png\",\"contentUrl\":\"https:\\\/\\\/gerdes-rohrbau.de\\\/wp-content\\\/uploads\\\/2021\\\/01\\\/GRM_Logo-Nachgezeichnet.png\",\"width\":1339,\"height\":840,\"caption\":\"Gerdes Rohrbau\"},\"image\":{\"@id\":\"https:\\\/\\\/gerdes-rohrbau.de\\\/#\\\/schema\\\/logo\\\/image\\\/\"}}]}<\/script>\n<!-- \/ Yoast SEO plugin. -->","yoast_head_json":{"title":"Gerdes Rohrbau GmbH - Gerdes Rohrbau","robots":{"index":"index","follow":"follow","max-snippet":"max-snippet:-1","max-image-preview":"max-image-preview:large","max-video-preview":"max-video-preview:-1"},"canonical":"https:\/\/gerdes-rohrbau.de\/en\/gerdes-rohrbau-gmbh\/","og_locale":"en_GB","og_type":"article","og_title":"Gerdes Rohrbau GmbH - Gerdes Rohrbau","og_description":"Herzlich willkommen bei Gerdes Rohrbau! Wir sind ein qualifizierter Fertigungs- bzw. Vorfertigungsbetrieb im Rohr- und Anlagenbau.Der Schwerpunkt unserer Arbeit liegt dabei in der Herstellung von Rohrschwei\u00dfteilen, die je nach Anforderungen aus unterschiedlichen Materialien und mit verschiedenen Verfahren gearbeitet werden.Das Spektrum umfasst Vorfertigung f\u00fcr Anlagen, Einzelteile, Halbzeuge sowie Halterungs- und Unterst\u00fctzungskonstruktionen f\u00fcr den Anlagenbau. Unseren Erfolg [&hellip;]","og_url":"https:\/\/gerdes-rohrbau.de\/en\/gerdes-rohrbau-gmbh\/","og_site_name":"Gerdes Rohrbau","article_modified_time":"2021-11-30T11:11:46+00:00","og_image":[{"url":"https:\/\/gerdes-rohrbau.de\/wp-content\/uploads\/2021\/07\/Gerdes-Rohrbausvg-weiss.png","type":"","width":"","height":""}],"twitter_card":"summary_large_image","twitter_misc":{"Estimated reading time":"1 minute"},"schema":{"@context":"https:\/\/schema.org","@graph":[{"@type":"WebPage","@id":"https:\/\/gerdes-rohrbau.de\/gerdes-rohrbau-gmbh\/","url":"https:\/\/gerdes-rohrbau.de\/gerdes-rohrbau-gmbh\/","name":"Gerdes Rohrbau GmbH - Gerdes Rohrbau","isPartOf":{"@id":"https:\/\/gerdes-rohrbau.de\/#website"},"primaryImageOfPage":{"@id":"https:\/\/gerdes-rohrbau.de\/gerdes-rohrbau-gmbh\/#primaryimage"},"image":{"@id":"https:\/\/gerdes-rohrbau.de\/gerdes-rohrbau-gmbh\/#primaryimage"},"thumbnailUrl":"https:\/\/gerdes-rohrbau.de\/wp-content\/uploads\/2021\/07\/Gerdes-Rohrbausvg-weiss.png","datePublished":"2021-11-23T08:17:23+00:00","dateModified":"2021-11-30T11:11:46+00:00","breadcrumb":{"@id":"https:\/\/gerdes-rohrbau.de\/gerdes-rohrbau-gmbh\/#breadcrumb"},"inLanguage":"en-GB","potentialAction":[{"@type":"ReadAction","target":["https:\/\/gerdes-rohrbau.de\/gerdes-rohrbau-gmbh\/"]}]},{"@type":"ImageObject","inLanguage":"en-GB","@id":"https:\/\/gerdes-rohrbau.de\/gerdes-rohrbau-gmbh\/#primaryimage","url":"https:\/\/gerdes-rohrbau.de\/wp-content\/uploads\/2021\/07\/Gerdes-Rohrbausvg-weiss.png","contentUrl":"https:\/\/gerdes-rohrbau.de\/wp-content\/uploads\/2021\/07\/Gerdes-Rohrbausvg-weiss.png"},{"@type":"BreadcrumbList","@id":"https:\/\/gerdes-rohrbau.de\/gerdes-rohrbau-gmbh\/#breadcrumb","itemListElement":[{"@type":"ListItem","position":1,"name":"Startseite","item":"https:\/\/gerdes-rohrbau.de\/"},{"@type":"ListItem","position":2,"name":"Gerdes Rohrbau GmbH"}]},{"@type":"WebSite","@id":"https:\/\/gerdes-rohrbau.de\/#website","url":"https:\/\/gerdes-rohrbau.de\/","name":"Gerdes Rohrbau","description":"Gerdes Rohrbau - Aus Meppen in die ganze Welt.","publisher":{"@id":"https:\/\/gerdes-rohrbau.de\/#organization"},"potentialAction":[{"@type":"SearchAction","target":{"@type":"EntryPoint","urlTemplate":"https:\/\/gerdes-rohrbau.de\/?s={search_term_string}"},"query-input":{"@type":"PropertyValueSpecification","valueRequired":true,"valueName":"search_term_string"}}],"inLanguage":"en-GB"},{"@type":"Organization","@id":"https:\/\/gerdes-rohrbau.de\/#organization","name":"Gerdes Rohrbau","url":"https:\/\/gerdes-rohrbau.de\/","logo":{"@type":"ImageObject","inLanguage":"en-GB","@id":"https:\/\/gerdes-rohrbau.de\/#\/schema\/logo\/image\/","url":"https:\/\/gerdes-rohrbau.de\/wp-content\/uploads\/2021\/01\/GRM_Logo-Nachgezeichnet.png","contentUrl":"https:\/\/gerdes-rohrbau.de\/wp-content\/uploads\/2021\/01\/GRM_Logo-Nachgezeichnet.png","width":1339,"height":840,"caption":"Gerdes Rohrbau"},"image":{"@id":"https:\/\/gerdes-rohrbau.de\/#\/schema\/logo\/image\/"}}]}},"_links":{"self":[{"href":"https:\/\/gerdes-rohrbau.de\/en\/wp-json\/wp\/v2\/pages\/1862","targetHints":{"allow":["GET"]}}],"collection":[{"href":"https:\/\/gerdes-rohrbau.de\/en\/wp-json\/wp\/v2\/pages"}],"about":[{"href":"https:\/\/gerdes-rohrbau.de\/en\/wp-json\/wp\/v2\/types\/page"}],"author":[{"embeddable":true,"href":"https:\/\/gerdes-rohrbau.de\/en\/wp-json\/wp\/v2\/users\/1"}],"replies":[{"embeddable":true,"href":"https:\/\/gerdes-rohrbau.de\/en\/wp-json\/wp\/v2\/comments?post=1862"}],"version-history":[{"count":13,"href":"https:\/\/gerdes-rohrbau.de\/en\/wp-json\/wp\/v2\/pages\/1862\/revisions"}],"predecessor-version":[{"id":1930,"href":"https:\/\/gerdes-rohrbau.de\/en\/wp-json\/wp\/v2\/pages\/1862\/revisions\/1930"}],"wp:attachment":[{"href":"https:\/\/gerdes-rohrbau.de\/en\/wp-json\/wp\/v2\/media?parent=1862"}],"curies":[{"name":"wp","href":"https:\/\/api.w.org\/{rel}","templated":true}]}}